{"id":33,"date":"2017-07-28T16:24:18","date_gmt":"2017-07-28T14:24:18","guid":{"rendered":"https:\/\/gudrunhenne.de\/blog?page_id=33"},"modified":"2018-06-05T10:51:51","modified_gmt":"2018-06-05T08:51:51","slug":"datenschutzerklaerung","status":"publish","type":"page","link":"https:\/\/gudrunhenne.de\/blog\/datenschutzerklaerung\/","title":{"rendered":"Datenschutzerkl\u00e4rung"},"content":{"rendered":"<p class=\"bodytext\">Wir erheben, verwenden und speichern Ihre personenbezogenen Daten ausschlie\u00dflich im Rahmen der Bestimmungen der EU-Datenschutzgrundverordnung (DSGVO). Nachfolgend unterrichten wir Sie \u00fcber Art, Umfang und Zweck der Datenerhebung und Verwendung. Der Schutz Ihrer personenbezogenen Daten ist uns sehr wichtig. Im Folgenden finden Sie Informationen dazu, welche Daten beim Besuch unserer Website erfasst werden.<\/p>\n<p class=\"bodytext\">Verantwortliche Stelle im Sinne der Datenschutzgesetze, insbesondere der EU-Datenschutzgrundverordnung (DSGVO), ist: Dr. Gudrun Henne Mommsenstr. 45, 10629 Berlin, Germany<\/p>\n<p class=\"bodytext\"><strong>Ihre Betroffenenrechte<\/strong><br \/>\nUnter den angegebenen Kontaktdaten unseres Datenschutzbeauftragten k\u00f6nnen Sie jederzeit folgende Rechte aus\u00fcben:<br \/>\n\u2022\u00a0\u00a0 \u00a0Auskunft \u00fcber Ihre bei uns gespeicherten Daten und deren Verarbeitung,<br \/>\n\u2022\u00a0\u00a0 \u00a0Berichtigung unrichtiger personenbezogener Daten,<br \/>\n\u2022\u00a0\u00a0 \u00a0L\u00f6schung Ihrer bei uns gespeicherten Daten,<br \/>\n\u2022\u00a0\u00a0 \u00a0Einschr\u00e4nkung der Datenverarbeitung, sofern wir Ihre Daten aufgrund gesetzlicher Pflichten noch nicht l\u00f6schen d\u00fcrfen,<br \/>\n\u2022\u00a0\u00a0 \u00a0Widerspruch gegen die Verarbeitung Ihrer Daten bei uns und<br \/>\n\u2022\u00a0\u00a0 \u00a0Daten\u00fcbertragbarkeit, sofern Sie in die Datenverarbeitung eingewilligt haben oder einen Vertrag mit uns abgeschlossen haben.<\/p>\n<p class=\"bodytext\">Sofern Sie uns eine Einwilligung erteilt haben, k\u00f6nnen Sie diese jederzeit mit Wirkung f\u00fcr die Zukunft widerrufen.<br \/>\nSie k\u00f6nnen sich jederzeit mit einer Beschwerde an die f\u00fcr Sie zust\u00e4ndige Aufsichtsbeh\u00f6rde wenden. Ihre zust\u00e4ndige Aufsichtsbeh\u00f6rde richtet sich nach dem Bundesland Ihres Wohnsitzes, Ihrer Arbeit oder der mutma\u00dflichen Verletzung. <a class=\"link-external--new-window\" title=\"Opens external link in new window\" href=\"https:\/\/www.bfdi.bund.de\/DE\/Infothek\/Anschriften_Links\/anschriften_links-node.html\" target=\"_blank\" rel=\"noopener\">Liste der Aufsichtsbeh\u00f6rden (f\u00fcr den nicht\u00f6ffentlichen Bereich) mit Anschrift <\/a><\/p>\n<p class=\"bodytext\"><strong>L\u00f6schung bzw. Sperrung der Daten<\/strong><br \/>\nWir halten uns an die Grunds\u00e4tze der Datenvermeidung und Datensparsamkeit. Wir speichern Ihre personenbezogenen Daten daher nur so lange, wie dies zur Erreichung der hier genannten Zwecke erforderlich ist oder wie es die vom Gesetzgeber vorgesehenen vielf\u00e4ltigen Speicherfristen vorsehen. Nach Fortfall des jeweiligen Zweckes bzw. Ablauf dieser Fristen werden die entsprechenden Daten routinem\u00e4\u00dfig und entsprechend den gesetzlichen Vorschriften gesperrt oder gel\u00f6scht.<\/p>\n<p><strong>Cookies<br \/>\n<\/strong>Diese Website verwendet Cookies. Cookies sind kleine Datenmengen \/ Textdateien, die vom Betreiber von Websites auf dem Rechner der Nutzer gespeichert werden. Man unterscheidet u.a. zwischen tempor\u00e4ren und permanenten Cookies. Tempor\u00e4re Cookies werden beim Schlie\u00dfen des Browsers automatisch gel\u00f6scht. Sie enthalten lediglich eine Identifikationsnummer (Session ID), die es dem Server erlaubt, die aufeinander folgenden Anfragen des Browsers der selben Sitzung zuzuordnen. Permanente Cookies dagegen verbleiben dauerhaft auf der Festplatte des Nutzers und k\u00f6nnen ggf. auch von anderen Websites ausgelesen werden. Bei Cookies kann entschieden werden, ob sie zugelassen werden. \u00c4nderungen hierzu werden in den Browsereinstellungen meist unter \u201cOption\u201d oder \u201cEinstellungen\u201d im Browsermen\u00fc vorgenommen. Wird die Option aktiviert, Cookies nicht anzunehmen, kann unter Umst\u00e4nden die Funktionalit\u00e4t einzelner Seiten vermindert sein bzw. manche Dienste nicht in Anspruch genommen werden. Daf\u00fcr bitten wir um Verst\u00e4ndnis.<\/p>\n<p class=\"bodytext\"><strong>Kommentarfunktion<\/strong><br \/>\nWenn Nutzer Kommentare auf unserer Website hinterlassen, werden neben diesen Angaben auch der Zeitpunkt ihrer Erstellung und der zuvor durch den Websitebesucher gew\u00e4hlte Nutzername gespeichert. Dies dient unserer Sicherheit, da wir f\u00fcr widerrechtliche Inhalte auf unserer Webseite belangt werden k\u00f6nnen, auch wenn diese durch Benutzer erstellt wurden.<\/p>\n<p>Nutzung Ihrer Daten aus dem Kontakt-Formular<br \/>\nDie personenbezogenen Daten, die Sie uns im Rahmen einer Kontaktanfrage zur Verf\u00fcgung stellen, werden nur f\u00fcr die Beantwortung Ihrer Anfrage bzw. Kontaktaufnahme und f\u00fcr die damit verbundene technische Administration verwendet. Die Weitergabe an Dritte findet nicht statt.<\/p>\n<p class=\"bodytext\"><strong>Eingebettete YouTube-Videos<\/strong><br \/>\nAuf einigen unserer Webseiten betten wir Youtube-Videos ein. Betreiber der entsprechenden Plugins ist die YouTube, LLC, 901 Cherry Ave., San Bruno, CA 94066, USA. Wenn Sie eine Seite mit dem YouTube-Plugin besuchen, wird eine Verbindung zu Servern von Youtube hergestellt. Dabei wird Youtube mitgeteilt, welche Seiten Sie besuchen. Wenn Sie in Ihrem Youtube-Account eingeloggt sind, kann Youtube Ihr Surfverhalten Ihnen pers\u00f6nlich zuzuordnen. Dies verhindern Sie, indem Sie sich vorher aus Ihrem Youtube-Account ausloggen. Wird ein Youtube-Video gestartet, setzt der Anbieter Cookies ein, die Hinweise \u00fcber das Nutzerverhalten sammeln.<br \/>\nWer das Speichern von Cookies f\u00fcr das Google-Ad-Programm deaktiviert hat, wird auch beim Anschauen von Youtube-Videos mit keinen solchen Cookies rechnen m\u00fcssen. Youtube legt aber auch in anderen Cookies nicht-personenbezogene Nutzungsinformationen ab. M\u00f6chten Sie dies verhindern, so m\u00fcssen Sie das Speichern von Cookies im Browser blockieren.<br \/>\n<a class=\"link-external--new-window\" title=\"Opens external link in new window\" href=\"https:\/\/www.google.de\/intl\/de\/policies\/privacy\/\" target=\"_blank\" rel=\"noopener\">Weitere Informationen zum Datenschutz bei Youtube finden Sie in der Datenschutzerkl\u00e4rung des Anbieters.<\/a><\/p>\n<p class=\"bodytext\"><strong>Social Plugins von Facebook, LinkedIn und Xing<\/strong><br \/>\nAuf unseren Webseiten werden Social Plugins der unten aufgef\u00fchrten Anbieter eingesetzt. Die Plugins k\u00f6nnen Sie daran erkennen, dass sie mit dem entsprechenden Logo gekennzeichnet sind.<br \/>\n\u2022\u00a0\u00a0 \u00a0Facebook Inc., 1601 S. California Ave, Palo Alto, CA 94304, United States<br \/>\n\u2022\u00a0\u00a0 \u00a0LinkedIn Corporation, 2029 Stierlin Court, Mountain View, CA 94043, USA<br \/>\n\u2022\u00a0\u00a0 \u00a0XING AG, G\u00e4nsemarkt 43, 20354 Hamburg<\/p>\n<p class=\"bodytext\">Bei diesen Social Medial Plugins handelt es sich um von den vorgenannten Social-Media-Services entwickelte und zur Verf\u00fcgung gestellte Software, die den automatisierten Datenaustausch zwischen der Website und den Social-Media-Services erm\u00f6glicht. So k\u00f6nnen unter anderem Daten von einem der vorgenannten Social-Media-Services dynamisch auf die Website \u00fcbertragen werden. Gleichzeitig k\u00f6nnen auch Daten der Nutzer dieser Website zum Social-Media-Service \u00fcbertragen werden, u.a. die IP-Adresse. Die Verwendung solcher Social Plugins erkennen Sie an den besonders gekennzeichneten Schaltfl\u00e4chen. Bereits beim Anzeigen bzw. Laden der Website k\u00f6nnen personenbezogene Daten mit dem jeweiligen Social-Media-Service ausgetauscht werden. Nutzer haben in diesen F\u00e4llen die M\u00f6glichkeit, diesen Datenaustausch ggf. durch \u00c4nderung in den Einstellungen ihres Benutzerkontos auf der Website des jeweiligen Social-Media-Services abzulehnen.<br \/>\nDurch den Klick auf eine dieser Schaltfl\u00e4chen stimmen Sie der Nutzung dieses Plugins und damit auch der Weitergabe von personenbezogenen Daten an den jeweiligen Social-Media-Service zu. Auf die Art und den Umfang der dabei \u00fcbertragenen Daten sowie \u00fcber deren weitere Verarbeitung haben wir keinen Einfluss. Nach unserem aktuellen Kenntnisstand wird der jeweilige Social-Media-Service dabei \u00fcber Ihre IP-Adresse und \u00fcber die das Plugin nutzende Website informiert. Sofern Sie gleichzeitig auf der entsprechenden Social-Media-Service-Plattform eingeloggt sind, k\u00f6nnen die Informationen unmittelbar Ihrem Nutzerprofil zugeordnet werden. M\u00f6chten Sie eine solche Sammlung von Profilinformationen vermeiden, sollten Sie sich aus der jeweiligen Social-Media-Service-Plattform ausloggen.<br \/>\nZweck und Umfang der Datenerhebung und die weitere Verarbeitung und Nutzung der Daten durch die Anbieter sowie diesbez\u00fcglichen Rechte und Einstellungsm\u00f6glichkeiten zum Schutz der Privatsph\u00e4re k\u00f6nnen den Datenschutzhinweisen der Anbieter entnommen werden.<\/p>\n<p><a class=\"link-external--new-window\" title=\"Opens external link in new window\" href=\"http:\/\/www.facebook.com\/about\/privacy\" target=\"_blank\" rel=\"noopener\">Datenschutzhinweise von Facebook<\/a><br \/>\n<a class=\"link-external--new-window\" title=\"Opens external link in new window\" href=\"http:\/\/www.linkedin.com\/static?key=privacy_policy&amp;trk=hb_ft_priv\" target=\"_blank\" rel=\"noopener\">Datenschutzhinweise von LinkedIn<\/a><br \/>\n<a title=\"link-external--new-window\" href=\"http:\/\/www.gudrunhenne.de\/http:\/\/\" target=\"https:\/\/www.xing.com\/app\/share?op=data_protection\">Datenschutzhinweise von Xing<br \/>\n<\/a><br \/>\n<strong>\u00c4nderung unserer Datenschutzbestimmungen<\/strong><br \/>\nWir behalten uns vor, diese Datenschutzerkl\u00e4rung anzupassen, damit sie stets den aktuellen rechtlichen Anforderungen entspricht oder um \u00c4nderungen unserer Leistungen in der Datenschutzerkl\u00e4rung umzusetzen, z.B. bei der Einf\u00fchrung neuer Services. F\u00fcr Ihren erneuten Besuch gilt dann die neue Datenschutzerkl\u00e4rung.<\/p>\n<p><strong>Fragen an den Datenschutzbeauftragten<\/strong><br \/>\nWenn Sie Fragen zum Datenschutz haben, schreiben Sie uns bitte eine E-Mail oder wenden Sie sich direkt an die f\u00fcr den Datenschutz verantwortliche Person in unserem Unternehmen:<\/p>\n<p class=\"bodytext\">Dr. Gudrun Henne Executive Coaching, Mommsenstr. 45, 10629 Berlin, Tel. 030-95998535-0, <a class=\"link-mail\" title=\"Opens window for sending email\">post\u00a0(at)\u00a0gudrunhenne.de<\/a><\/p>\n<p class=\"bodytext\">\n","protected":false},"excerpt":{"rendered":"<p>Wir erheben, verwenden und speichern Ihre personenbezogenen Daten ausschlie\u00dflich im Rahmen der Bestimmungen der EU-Datenschutzgrundverordnung (DSGVO). Nachfolgend unterrichten wir Sie \u00fcber Art, Umfang und Zweck<\/p>\n","protected":false},"author":1,"featured_media":0,"parent":0,"menu_order":0,"comment_status":"closed","ping_status":"closed","template":"","meta":{"footnotes":""},"class_list":["post-33","page","type-page","status-publish","hentry"],"_links":{"self":[{"href":"https:\/\/gudrunhenne.de\/blog\/wp-json\/wp\/v2\/pages\/33","targetHints":{"allow":["GET"]}}],"collection":[{"href":"https:\/\/gudrunhenne.de\/blog\/wp-json\/wp\/v2\/pages"}],"about":[{"href":"https:\/\/gudrunhenne.de\/blog\/wp-json\/wp\/v2\/types\/page"}],"author":[{"embeddable":true,"href":"https:\/\/gudrunhenne.de\/blog\/wp-json\/wp\/v2\/users\/1"}],"replies":[{"embeddable":true,"href":"https:\/\/gudrunhenne.de\/blog\/wp-json\/wp\/v2\/comments?post=33"}],"version-history":[{"count":5,"href":"https:\/\/gudrunhenne.de\/blog\/wp-json\/wp\/v2\/pages\/33\/revisions"}],"predecessor-version":[{"id":145,"href":"https:\/\/gudrunhenne.de\/blog\/wp-json\/wp\/v2\/pages\/33\/revisions\/145"}],"wp:attachment":[{"href":"https:\/\/gudrunhenne.de\/blog\/wp-json\/wp\/v2\/media?parent=33"}],"curies":[{"name":"wp","href":"https:\/\/api.w.org\/{rel}","templated":true}]}}